{"id":10,"date":"2017-09-05T10:10:25","date_gmt":"2017-09-05T13:10:25","guid":{"rendered":"https:\/\/multiclincard.com.br\/?post_type=product&#038;p=10"},"modified":"2024-07-15T09:25:40","modified_gmt":"2024-07-15T12:25:40","slug":"individual","status":"publish","type":"product","link":"https:\/\/multicliniccard.com.br\/?product=individual","title":{"rendered":"Multiclincard Individual"},"content":{"rendered":"","protected":false},"excerpt":{"rendered":"<h2><strong>R$40,00<\/strong><\/h2>\n<p>O cart\u00e3o de desconto que n\u00e3o para de crescer: o <strong>Multiclincard<\/strong> proporciona acesso a sa\u00fade de qualidade com valores acess\u00edveis para voc\u00ea! \u00c9 poss\u00edvel obter descontos de at\u00e9 50% em atendimentos realizados na <strong>Multiclin<\/strong><strong>\u00a0Salvador-Bahia<\/strong>, exceto para exames do Detran.<\/p>\n<p>Compre o\u00a0<strong>Multiclincard\u00a0<\/strong>por\u00a0<strong>R$40,00<\/strong>\u00a0anual para o<strong>\u00a0<\/strong>titular.<\/p>\n","protected":false},"featured_media":33,"template":"","meta":[],"product_brand":[],"product_cat":[29],"product_tag":[],"class_list":{"0":"post-10","1":"product","2":"type-product","3":"status-publish","4":"has-post-thumbnail","6":"product_cat-assinatura","8":"first","9":"instock","10":"virtual","11":"purchasable","12":"product-type-simple"},"_links":{"self":[{"href":"https:\/\/multicliniccard.com.br\/index.php?rest_route=\/wp\/v2\/product\/10","targetHints":{"allow":["GET"]}}],"collection":[{"href":"https:\/\/multicliniccard.com.br\/index.php?rest_route=\/wp\/v2\/product"}],"about":[{"href":"https:\/\/multicliniccard.com.br\/index.php?rest_route=\/wp\/v2\/types\/product"}],"wp:featuredmedia":[{"embeddable":true,"href":"https:\/\/multicliniccard.com.br\/index.php?rest_route=\/wp\/v2\/media\/33"}],"wp:attachment":[{"href":"https:\/\/multicliniccard.com.br\/index.php?rest_route=%2Fwp%2Fv2%2Fmedia&parent=10"}],"wp:term":[{"taxonomy":"product_brand","embeddable":true,"href":"https:\/\/multicliniccard.com.br\/index.php?rest_route=%2Fwp%2Fv2%2Fproduct_brand&post=10"},{"taxonomy":"product_cat","embeddable":true,"href":"https:\/\/multicliniccard.com.br\/index.php?rest_route=%2Fwp%2Fv2%2Fproduct_cat&post=10"},{"taxonomy":"product_tag","embeddable":true,"href":"https:\/\/multicliniccard.com.br\/index.php?rest_route=%2Fwp%2Fv2%2Fproduct_tag&post=10"}],"curies":[{"name":"wp","href":"https:\/\/api.w.org\/{rel}","templated":true}]}}